{"id":8705,"date":"2024-08-20T12:38:02","date_gmt":"2024-08-20T11:38:02","guid":{"rendered":"https:\/\/pj-blog.pl\/?page_id=8705"},"modified":"2024-09-16T13:25:09","modified_gmt":"2024-09-16T12:25:09","slug":"uprawnienia","status":"publish","type":"page","link":"https:\/\/pj-blog.pl\/?page_id=8705","title":{"rendered":"Uprawnienia"},"content":{"rendered":"<p>Nazywam si\u0119 Pawe\u0142 Je\u017cewski. Jestem licencjonowanym przewodnikiem g\u00f3rskim sudeckim klasy III. Numer moich uprawnie\u0144 28\/LG\/2024. Zosta\u0142y one wydane mi przez Wicemarsza\u0142ka Wojew\u00f3dztwa Dolno\u015bl\u0105skiego z up. Marsza\u0142ka Wojew\u00f3dztwa Dolno\u015bl\u0105skiego.<\/p>\n","protected":false},"excerpt":{"rendered":"<p>Nazywam si\u0119 Pawe\u0142 Je\u017cewski. Jestem licencjonowanym przewodnikiem g\u00f3rskim sudeckim klasy III. Numer moich uprawnie\u0144 28\/LG\/2024. Zosta\u0142y one wydane mi przez Wicemarsza\u0142ka Wojew\u00f3dztwa Dolno\u015bl\u0105skiego z up. Marsza\u0142ka Wojew\u00f3dztwa Dolno\u015bl\u0105skiego.<\/p>\n","protected":false},"author":2,"featured_media":0,"parent":0,"menu_order":0,"comment_status":"closed","ping_status":"closed","template":"","meta":{"ngg_post_thumbnail":0,"footnotes":""},"class_list":["post-8705","page","type-page","status-publish","hentry"],"_links":{"self":[{"href":"https:\/\/pj-blog.pl\/index.php?rest_route=\/wp\/v2\/pages\/8705","targetHints":{"allow":["GET"]}}],"collection":[{"href":"https:\/\/pj-blog.pl\/index.php?rest_route=\/wp\/v2\/pages"}],"about":[{"href":"https:\/\/pj-blog.pl\/index.php?rest_route=\/wp\/v2\/types\/page"}],"author":[{"embeddable":true,"href":"https:\/\/pj-blog.pl\/index.php?rest_route=\/wp\/v2\/users\/2"}],"replies":[{"embeddable":true,"href":"https:\/\/pj-blog.pl\/index.php?rest_route=%2Fwp%2Fv2%2Fcomments&post=8705"}],"version-history":[{"count":5,"href":"https:\/\/pj-blog.pl\/index.php?rest_route=\/wp\/v2\/pages\/8705\/revisions"}],"predecessor-version":[{"id":8855,"href":"https:\/\/pj-blog.pl\/index.php?rest_route=\/wp\/v2\/pages\/8705\/revisions\/8855"}],"wp:attachment":[{"href":"https:\/\/pj-blog.pl\/index.php?rest_route=%2Fwp%2Fv2%2Fmedia&parent=8705"}],"curies":[{"name":"wp","href":"https:\/\/api.w.org\/{rel}","templated":true}]}}